{"id":1198,"date":"2025-09-09T01:48:13","date_gmt":"2025-09-09T07:48:13","guid":{"rendered":"https:\/\/www.diamondgenesis.com\/richard-mille\/"},"modified":"2025-09-29T08:23:55","modified_gmt":"2025-09-29T14:23:55","slug":"richard-mille","status":"publish","type":"page","link":"https:\/\/diamondgenesis.com\/en\/richard-mille\/","title":{"rendered":"Richard Mille"},"content":{"rendered":"<p>[et_pb_section fb_built=&#8221;1&#8243; _builder_version=&#8221;4.27.4&#8243; _module_preset=&#8221;default&#8221; global_colors_info=&#8221;{}&#8221;][et_pb_row _builder_version=&#8221;4.27.4&#8243; _module_preset=&#8221;default&#8221; global_colors_info=&#8221;{}&#8221;][et_pb_column type=&#8221;4_4&#8243; _builder_version=&#8221;4.27.4&#8243; _module_preset=&#8221;default&#8221; global_colors_info=&#8221;{}&#8221;][et_pb_heading title=&#8221;RICHARD MILLE St. Barth&#8221; _builder_version=&#8221;4.27.4&#8243; _module_preset=&#8221;default&#8221; title_font=&#8221;Academy||||||||&#8221; global_colors_info=&#8221;{}&#8221;][\/et_pb_heading][\/et_pb_column][\/et_pb_row][et_pb_row _builder_version=&#8221;4.27.4&#8243; _module_preset=&#8221;default&#8221; background_color=&#8221;#000000&#8243; custom_padding=&#8221;30px|30px|30px|30px|false|false&#8221; global_colors_info=&#8221;{}&#8221;][et_pb_column type=&#8221;4_4&#8243; _builder_version=&#8221;4.27.4&#8243; _module_preset=&#8221;default&#8221; global_colors_info=&#8221;{}&#8221;][et_pb_heading title=&#8221;Richard Mille St. Barths&#8221; _builder_version=&#8221;4.27.4&#8243; _module_preset=&#8221;default&#8221; title_level=&#8221;h2&#8243; title_font=&#8221;Calibri|||on|||||&#8221; title_text_color=&#8221;#FFFFFF&#8221; title_font_size=&#8221;20px&#8221; global_colors_info=&#8221;{}&#8221;][\/et_pb_heading][et_pb_text _builder_version=&#8221;4.27.4&#8243; _module_preset=&#8221;default&#8221; text_font=&#8221;Calibri||||||||&#8221; text_text_color=&#8221;#FFFFFF&#8221; text_font_size=&#8221;16px&#8221; text_line_height=&#8221;20px&#8221; global_colors_info=&#8221;{}&#8221;]<\/p>\n<p>Cour Vend\u00f4me<br \/>Rue de la R\u00e9publique<br \/>Gustavia, 97133 Saint-Barth\u00e9lemy<\/p>\n<p>[\/et_pb_text][et_pb_text _builder_version=&#8221;4.27.4&#8243; _module_preset=&#8221;default&#8221; text_font=&#8221;Calibri||||||||&#8221; text_text_color=&#8221;#FFFFFF&#8221; text_font_size=&#8221;16px&#8221; text_line_height=&#8221;20px&#8221; link_text_color=&#8221;#FFFFFF&#8221; custom_css_free_form=&#8221;selector td{ border:none!important;}&#8221; global_colors_info=&#8221;{}&#8221;]<\/p>\n<table style=\"width: 100%; border-collapse: collapse; border: none;\" border=\"0\">\n<tbody>\n<tr>\n<td style=\"width: 50%;\"><a href=\"mailto:stbarth@rmamericas.com\"><strong>BOOK AN APPOINTMENT<\/strong><\/a><\/td>\n<td style=\"width: 50%; text-align: right;\">Opening hours Monday to Saturday:<br \/>9:30 AM &#8211; 1:00 PM<br \/>3:30 PM &#8211; 7:00 PM<\/td>\n<\/tr>\n<\/tbody>\n<\/table>\n<p>[\/et_pb_text][\/et_pb_column][\/et_pb_row][et_pb_row _builder_version=&#8221;4.27.4&#8243; _module_preset=&#8221;default&#8221; global_colors_info=&#8221;{}&#8221;][et_pb_column type=&#8221;4_4&#8243; _builder_version=&#8221;4.27.4&#8243; _module_preset=&#8221;default&#8221; global_colors_info=&#8221;{}&#8221;][et_pb_text _builder_version=&#8221;4.27.4&#8243; _module_preset=&#8221;default&#8221; text_font=&#8221;Calibri||||||||&#8221; text_text_color=&#8221;#000000&#8243; text_font_size=&#8221;16px&#8221; text_line_height=&#8221;20px&#8221; hover_enabled=&#8221;0&#8243; global_colors_info=&#8221;{}&#8221; custom_padding=&#8221;0px|||||&#8221; sticky_enabled=&#8221;0&#8243;]<\/p>\n<p>The <strong>RICHARD MILLE boutique, situated in Cour Vend\u00f4me<\/strong>, features a design as radical as its watches. Away from prying eyes, discover the new collection while immersing yourself in the brand&#8217;s history.<\/p>\n<p>[\/et_pb_text][et_pb_image src=&#8221;https:\/\/diamondgenesis.com\/wp-content\/uploads\/2025\/09\/ambiance-1.jpg&#8221; title_text=&#8221;ambiance-1&#8243; _builder_version=&#8221;4.27.4&#8243; _module_preset=&#8221;default&#8221; global_colors_info=&#8221;{}&#8221;][\/et_pb_image][\/et_pb_column][\/et_pb_row][\/et_pb_section]<\/p>\n","protected":false},"excerpt":{"rendered":"<p>Cour Vend\u00f4meRue de la R\u00e9publiqueGustavia, 97133 Saint-Barth\u00e9lemy BOOK AN APPOINTMENT Opening hours Monday to Saturday:9:30 AM &#8211; 1:00 PM3:30 PM &#8211; 7:00 PM The RICHARD MILLE boutique, situated in Cour Vend\u00f4me, features a design as radical as its watches. Away from prying eyes, discover the new collection while immersing yourself in the brand&#8217;s history.<\/p>\n","protected":false},"author":1,"featured_media":0,"parent":0,"menu_order":0,"comment_status":"closed","ping_status":"closed","template":"","meta":{"_et_pb_use_builder":"on","_et_pb_old_content":"","_et_gb_content_width":"","footnotes":""},"class_list":["post-1198","page","type-page","status-publish","hentry"],"yoast_head":"<!-- This site is optimized with the Yoast SEO plugin v27.3 - https:\/\/yoast.com\/product\/yoast-seo-wordpress\/ -->\n<title>Richard Mille | Diamond Genesis<\/title>\n<meta name=\"robots\" content=\"index, follow, max-snippet:-1, max-image-preview:large, max-video-preview:-1\" \/>\n<link rel=\"canonical\" href=\"https:\/\/diamondgenesis.com\/en\/richard-mille\/\" \/>\n<meta property=\"og:locale\" content=\"en_US\" \/>\n<meta property=\"og:type\" content=\"article\" \/>\n<meta property=\"og:title\" content=\"Richard Mille | Diamond Genesis\" \/>\n<meta property=\"og:description\" content=\"Cour Vend\u00f4meRue de la R\u00e9publiqueGustavia, 97133 Saint-Barth\u00e9lemy BOOK AN APPOINTMENT Opening hours Monday to Saturday:9:30 AM - 1:00 PM3:30 PM - 7:00 PM The RICHARD MILLE boutique, situated in Cour Vend\u00f4me, features a design as radical as its watches. Away from prying eyes, discover the new collection while immersing yourself in the brand&#039;s history.\" \/>\n<meta property=\"og:url\" content=\"https:\/\/diamondgenesis.com\/en\/richard-mille\/\" \/>\n<meta property=\"og:site_name\" content=\"Diamond Genesis\" \/>\n<meta property=\"article:modified_time\" content=\"2025-09-29T14:23:55+00:00\" \/>\n<meta property=\"og:image\" content=\"https:\/\/diamondgenesis.com\/wp-content\/uploads\/2025\/09\/LOGO-DG-1.png\" \/>\n\t<meta property=\"og:image:width\" content=\"687\" \/>\n\t<meta property=\"og:image:height\" content=\"401\" \/>\n\t<meta property=\"og:image:type\" content=\"image\/png\" \/>\n<meta name=\"twitter:card\" content=\"summary_large_image\" \/>\n<meta name=\"twitter:label1\" content=\"Est. reading time\" \/>\n\t<meta name=\"twitter:data1\" content=\"2 minutes\" \/>\n<script type=\"application\/ld+json\" class=\"yoast-schema-graph\">{\"@context\":\"https:\\\/\\\/schema.org\",\"@graph\":[{\"@type\":\"WebPage\",\"@id\":\"https:\\\/\\\/diamondgenesis.com\\\/en\\\/richard-mille\\\/\",\"url\":\"https:\\\/\\\/diamondgenesis.com\\\/en\\\/richard-mille\\\/\",\"name\":\"Richard Mille | Diamond Genesis\",\"isPartOf\":{\"@id\":\"https:\\\/\\\/diamondgenesis.com\\\/en\\\/#website\"},\"datePublished\":\"2025-09-09T07:48:13+00:00\",\"dateModified\":\"2025-09-29T14:23:55+00:00\",\"breadcrumb\":{\"@id\":\"https:\\\/\\\/diamondgenesis.com\\\/en\\\/richard-mille\\\/#breadcrumb\"},\"inLanguage\":\"en-US\",\"potentialAction\":[{\"@type\":\"ReadAction\",\"target\":[\"https:\\\/\\\/diamondgenesis.com\\\/en\\\/richard-mille\\\/\"]}]},{\"@type\":\"BreadcrumbList\",\"@id\":\"https:\\\/\\\/diamondgenesis.com\\\/en\\\/richard-mille\\\/#breadcrumb\",\"itemListElement\":[{\"@type\":\"ListItem\",\"position\":1,\"name\":\"Accueil\",\"item\":\"https:\\\/\\\/diamondgenesis.com\\\/en\\\/\"},{\"@type\":\"ListItem\",\"position\":2,\"name\":\"Richard Mille\"}]},{\"@type\":\"WebSite\",\"@id\":\"https:\\\/\\\/diamondgenesis.com\\\/en\\\/#website\",\"url\":\"https:\\\/\\\/diamondgenesis.com\\\/en\\\/\",\"name\":\"Diamond Genesis\",\"description\":\"\",\"publisher\":{\"@id\":\"https:\\\/\\\/diamondgenesis.com\\\/en\\\/#organization\"},\"potentialAction\":[{\"@type\":\"SearchAction\",\"target\":{\"@type\":\"EntryPoint\",\"urlTemplate\":\"https:\\\/\\\/diamondgenesis.com\\\/en\\\/?s={search_term_string}\"},\"query-input\":{\"@type\":\"PropertyValueSpecification\",\"valueRequired\":true,\"valueName\":\"search_term_string\"}}],\"inLanguage\":\"en-US\"},{\"@type\":\"Organization\",\"@id\":\"https:\\\/\\\/diamondgenesis.com\\\/en\\\/#organization\",\"name\":\"Diamond Genesis\",\"url\":\"https:\\\/\\\/diamondgenesis.com\\\/en\\\/\",\"logo\":{\"@type\":\"ImageObject\",\"inLanguage\":\"en-US\",\"@id\":\"https:\\\/\\\/diamondgenesis.com\\\/en\\\/#\\\/schema\\\/logo\\\/image\\\/\",\"url\":\"https:\\\/\\\/diamondgenesis.com\\\/wp-content\\\/uploads\\\/2025\\\/09\\\/Logo-Primary.svg\",\"contentUrl\":\"https:\\\/\\\/diamondgenesis.com\\\/wp-content\\\/uploads\\\/2025\\\/09\\\/Logo-Primary.svg\",\"width\":276,\"height\":137,\"caption\":\"Diamond Genesis\"},\"image\":{\"@id\":\"https:\\\/\\\/diamondgenesis.com\\\/en\\\/#\\\/schema\\\/logo\\\/image\\\/\"}}]}<\/script>\n<!-- \/ Yoast SEO plugin. -->","yoast_head_json":{"title":"Richard Mille | Diamond Genesis","robots":{"index":"index","follow":"follow","max-snippet":"max-snippet:-1","max-image-preview":"max-image-preview:large","max-video-preview":"max-video-preview:-1"},"canonical":"https:\/\/diamondgenesis.com\/en\/richard-mille\/","og_locale":"en_US","og_type":"article","og_title":"Richard Mille | Diamond Genesis","og_description":"Cour Vend\u00f4meRue de la R\u00e9publiqueGustavia, 97133 Saint-Barth\u00e9lemy BOOK AN APPOINTMENT Opening hours Monday to Saturday:9:30 AM - 1:00 PM3:30 PM - 7:00 PM The RICHARD MILLE boutique, situated in Cour Vend\u00f4me, features a design as radical as its watches. Away from prying eyes, discover the new collection while immersing yourself in the brand's history.","og_url":"https:\/\/diamondgenesis.com\/en\/richard-mille\/","og_site_name":"Diamond Genesis","article_modified_time":"2025-09-29T14:23:55+00:00","og_image":[{"width":687,"height":401,"url":"https:\/\/diamondgenesis.com\/wp-content\/uploads\/2025\/09\/LOGO-DG-1.png","type":"image\/png"}],"twitter_card":"summary_large_image","twitter_misc":{"Est. reading time":"2 minutes"},"schema":{"@context":"https:\/\/schema.org","@graph":[{"@type":"WebPage","@id":"https:\/\/diamondgenesis.com\/en\/richard-mille\/","url":"https:\/\/diamondgenesis.com\/en\/richard-mille\/","name":"Richard Mille | Diamond Genesis","isPartOf":{"@id":"https:\/\/diamondgenesis.com\/en\/#website"},"datePublished":"2025-09-09T07:48:13+00:00","dateModified":"2025-09-29T14:23:55+00:00","breadcrumb":{"@id":"https:\/\/diamondgenesis.com\/en\/richard-mille\/#breadcrumb"},"inLanguage":"en-US","potentialAction":[{"@type":"ReadAction","target":["https:\/\/diamondgenesis.com\/en\/richard-mille\/"]}]},{"@type":"BreadcrumbList","@id":"https:\/\/diamondgenesis.com\/en\/richard-mille\/#breadcrumb","itemListElement":[{"@type":"ListItem","position":1,"name":"Accueil","item":"https:\/\/diamondgenesis.com\/en\/"},{"@type":"ListItem","position":2,"name":"Richard Mille"}]},{"@type":"WebSite","@id":"https:\/\/diamondgenesis.com\/en\/#website","url":"https:\/\/diamondgenesis.com\/en\/","name":"Diamond Genesis","description":"","publisher":{"@id":"https:\/\/diamondgenesis.com\/en\/#organization"},"potentialAction":[{"@type":"SearchAction","target":{"@type":"EntryPoint","urlTemplate":"https:\/\/diamondgenesis.com\/en\/?s={search_term_string}"},"query-input":{"@type":"PropertyValueSpecification","valueRequired":true,"valueName":"search_term_string"}}],"inLanguage":"en-US"},{"@type":"Organization","@id":"https:\/\/diamondgenesis.com\/en\/#organization","name":"Diamond Genesis","url":"https:\/\/diamondgenesis.com\/en\/","logo":{"@type":"ImageObject","inLanguage":"en-US","@id":"https:\/\/diamondgenesis.com\/en\/#\/schema\/logo\/image\/","url":"https:\/\/diamondgenesis.com\/wp-content\/uploads\/2025\/09\/Logo-Primary.svg","contentUrl":"https:\/\/diamondgenesis.com\/wp-content\/uploads\/2025\/09\/Logo-Primary.svg","width":276,"height":137,"caption":"Diamond Genesis"},"image":{"@id":"https:\/\/diamondgenesis.com\/en\/#\/schema\/logo\/image\/"}}]}},"_links":{"self":[{"href":"https:\/\/diamondgenesis.com\/en\/wp-json\/wp\/v2\/pages\/1198","targetHints":{"allow":["GET"]}}],"collection":[{"href":"https:\/\/diamondgenesis.com\/en\/wp-json\/wp\/v2\/pages"}],"about":[{"href":"https:\/\/diamondgenesis.com\/en\/wp-json\/wp\/v2\/types\/page"}],"author":[{"embeddable":true,"href":"https:\/\/diamondgenesis.com\/en\/wp-json\/wp\/v2\/users\/1"}],"replies":[{"embeddable":true,"href":"https:\/\/diamondgenesis.com\/en\/wp-json\/wp\/v2\/comments?post=1198"}],"version-history":[{"count":2,"href":"https:\/\/diamondgenesis.com\/en\/wp-json\/wp\/v2\/pages\/1198\/revisions"}],"predecessor-version":[{"id":1200,"href":"https:\/\/diamondgenesis.com\/en\/wp-json\/wp\/v2\/pages\/1198\/revisions\/1200"}],"wp:attachment":[{"href":"https:\/\/diamondgenesis.com\/en\/wp-json\/wp\/v2\/media?parent=1198"}],"curies":[{"name":"wp","href":"https:\/\/api.w.org\/{rel}","templated":true}]}}